{"id":4692,"date":"2022-02-02T14:20:26","date_gmt":"2022-02-02T13:20:26","guid":{"rendered":"https:\/\/zale.hr\/contact-and-information-zale-d-o-o\/"},"modified":"2022-03-12T23:22:28","modified_gmt":"2022-03-12T22:22:28","slug":"contact-and-information-zale","status":"publish","type":"page","link":"https:\/\/zale.hr\/en\/contact-and-information-zale\/","title":{"rendered":"Contact and information :: Zale d.o.o."},"content":{"rendered":"<section class=\"wpb-content-wrapper\"><p>[vc_row][vc_column][vc_column_text]<\/p>\r\n<p>ZALE &#8211; proizvodnja, trgovina i usluge, d.o.o. <\/p>\r\n<p><strong>Zale d.o.o.<\/strong> <\/p>\r\n<p>Podbre\u017eje X. 4, 10000 Zagreb, Hrvatska <\/p>\r\n<p>T. +385 1 6555 409, <a href=\"mailto:info@zale.hr\">info@zale.hr<\/a> <\/p>\r\n<p>Radno vrijeme: ponedjeljak-petak 09-17 h <\/p>\r\n<p>Nadle\u017eni sud: Trgova\u010dki sud u Zagrebu <\/p>\r\n<p>OIB: 18014250751 <\/p>\r\n<p>VAT: HR18014250751 <\/p>\r\n<p>MBS: 080014703 <\/p>\r\n<p>\u017diro ra\u010dun: SWIFT: ZABAHR2X, IBAN: HR5123600001101270037, Zagreba\u010dka Banka d.d. <\/p>\r\n<p>Temeljni kapital: 20.000,00 kuna upla\u0107en u cijelosti <\/p>\r\n<p>Osniva\u010di\/\u010dlanovi dru\u0161tva: Maja Zaklan<\/p>\r\n<p>For all additional questions contact us via <a href=\"https:\/\/zale.hr\/en\/contact-2\/\">the contact form<\/a>.<\/p>\r\n<p><\/p>\r\n<p>[\/vc_column_text][\/vc_column][\/vc_row][vc_row][vc_column][vc_separator][vc_column_text]<\/p>\r\n<div id=\"custom_html-1\" class=\"widget_text widget widget_custom_html\">\r\n<h2 class=\"widgettitle\" style=\"text-align: left;\">WHO ARE WE?<\/h2>\r\n<div class=\"textwidget custom-html-widget\" style=\"text-align: left;\">We are an agency that loves good design,<br \/>good clients and good day &#8211; every day \ud83d\ude42<br \/>Contact us at <a class=\"\" href=\"mailto:info@zale.hr?Subject=Hello\" target=\"_top\" rel=\"noopener\">info@zale.hr<\/a><\/div>\r\n<\/div>\r\n<div id=\"custom_html-3\" class=\"widget_text widget widget_custom_html\">\r\n<h2 class=\"widgettitle\" style=\"text-align: left;\">WHAT WE DO?<\/h2>\r\n<div class=\"textwidget custom-html-widget\" style=\"text-align: center;\">\r\n<p style=\"text-align: left;\">Zale Design Studio is a graphic design company based in Zagreb.<br \/>We offer our clients a complete service of graphic design, UI \/ UX design, web design and copywriting services.<br \/>We help to improve your business and create a recognizable visual identity that will suit your needs.<\/p>\r\n<p style=\"text-align: left;\">The services we offer are:<br \/>creating a book of standards, designing overall visual identity with the emphasis on the design of a recognizable logo, design of catalogs, magazines, brochures and other print and digital media, design of websites and web and mobile applications, packaging design, design of display stands, window shop design, vehicle wrap design and other advertising materials.<br \/>If you have additional questions, feel free to contact us via <a href=\"https:\/\/zale.hr\/en\/contact-2\/\">the contact form.<\/a><\/p>\r\n<\/div>\r\n<\/div>\r\n<p>[\/vc_column_text][\/vc_column][\/vc_row]<\/p><\/section>","protected":false},"excerpt":{"rendered":"<p>[vc_row][vc_column][vc_column_text] ZALE &#8211; proizvodnja, trgovina i usluge, d.o.o. Zale d.o.o. Podbre\u017eje X. 4, 10000 Zagreb, Hrvatska T. +385 1 6555 409, info@zale.hr Radno vrijeme: ponedjeljak-petak 09-17 h Nadle\u017eni sud: Trgova\u010dki sud u Zagrebu OIB: 18014250751 VAT: HR18014250751 MBS: 080014703 \u017diro ra\u010dun: SWIFT: ZABAHR2X, IBAN: HR5123600001101270037, Zagreba\u010dka Banka d.d. Temeljni kapital: 20.000,00 kuna upla\u0107en u cijelosti&hellip;<\/p>\n","protected":false},"author":1,"featured_media":0,"parent":0,"menu_order":0,"comment_status":"closed","ping_status":"closed","template":"","meta":{"_acf_changed":false,"footnotes":""},"acf":[],"yoast_head":"<!-- This site is optimized with the Yoast SEO plugin v24.5 - https:\/\/yoast.com\/wordpress\/plugins\/seo\/ -->\n<title>Zale d.o.o. :: Contact and Information<\/title>\n<meta name=\"description\" content=\"Here you can find all the information about Zale d.o.o. graphic design company based in Zagreb Croatia. For more information, contact us.\" \/>\n<meta name=\"robots\" content=\"index, follow, max-snippet:-1, max-image-preview:large, max-video-preview:-1\" \/>\n<link rel=\"canonical\" href=\"https:\/\/zale.hr\/en\/contact-and-information-zale\/\" \/>\n<meta property=\"og:locale\" content=\"en_US\" \/>\n<meta property=\"og:type\" content=\"article\" \/>\n<meta property=\"og:title\" content=\"Zale d.o.o. :: Contact and Information\" \/>\n<meta property=\"og:description\" content=\"Here you can find all the information about Zale d.o.o. graphic design company based in Zagreb Croatia. For more information, contact us.\" \/>\n<meta property=\"og:url\" content=\"https:\/\/zale.hr\/en\/contact-and-information-zale\/\" \/>\n<meta property=\"og:site_name\" content=\"Zale Design Studio :: Graphic Design and Marketing\" \/>\n<meta property=\"article:publisher\" content=\"https:\/\/www.facebook.com\/ZaleDesign\" \/>\n<meta property=\"article:modified_time\" content=\"2022-03-12T22:22:28+00:00\" \/>\n<meta name=\"twitter:card\" content=\"summary_large_image\" \/>\n<meta name=\"twitter:site\" content=\"@ZaleDizajn\" \/>\n<meta name=\"twitter:label1\" content=\"Est. reading time\" \/>\n\t<meta name=\"twitter:data1\" content=\"1 minute\" \/>\n<script type=\"application\/ld+json\" class=\"yoast-schema-graph\">{\"@context\":\"https:\/\/schema.org\",\"@graph\":[{\"@type\":\"WebPage\",\"@id\":\"https:\/\/zale.hr\/en\/contact-and-information-zale\/\",\"url\":\"https:\/\/zale.hr\/en\/contact-and-information-zale\/\",\"name\":\"Zale d.o.o. :: Contact and Information\",\"isPartOf\":{\"@id\":\"https:\/\/zale.hr\/en\/#website\"},\"datePublished\":\"2022-02-02T13:20:26+00:00\",\"dateModified\":\"2022-03-12T22:22:28+00:00\",\"description\":\"Here you can find all the information about Zale d.o.o. graphic design company based in Zagreb Croatia. For more information, contact us.\",\"breadcrumb\":{\"@id\":\"https:\/\/zale.hr\/en\/contact-and-information-zale\/#breadcrumb\"},\"inLanguage\":\"en-US\",\"potentialAction\":[{\"@type\":\"ReadAction\",\"target\":[\"https:\/\/zale.hr\/en\/contact-and-information-zale\/\"]}]},{\"@type\":\"BreadcrumbList\",\"@id\":\"https:\/\/zale.hr\/en\/contact-and-information-zale\/#breadcrumb\",\"itemListElement\":[{\"@type\":\"ListItem\",\"position\":1,\"name\":\"Home page\",\"item\":\"https:\/\/zale.hr\/en\/\"},{\"@type\":\"ListItem\",\"position\":2,\"name\":\"Contact and information :: Zale d.o.o.\"}]},{\"@type\":\"WebSite\",\"@id\":\"https:\/\/zale.hr\/en\/#website\",\"url\":\"https:\/\/zale.hr\/en\/\",\"name\":\"Zale Design Studio :: Graphic Design and Marketing\",\"description\":\"Work, play, create\",\"publisher\":{\"@id\":\"https:\/\/zale.hr\/en\/#organization\"},\"potentialAction\":[{\"@type\":\"SearchAction\",\"target\":{\"@type\":\"EntryPoint\",\"urlTemplate\":\"https:\/\/zale.hr\/en\/?s={search_term_string}\"},\"query-input\":{\"@type\":\"PropertyValueSpecification\",\"valueRequired\":true,\"valueName\":\"search_term_string\"}}],\"inLanguage\":\"en-US\"},{\"@type\":\"Organization\",\"@id\":\"https:\/\/zale.hr\/en\/#organization\",\"name\":\"Zale d.o.o.\",\"url\":\"https:\/\/zale.hr\/en\/\",\"logo\":{\"@type\":\"ImageObject\",\"inLanguage\":\"en-US\",\"@id\":\"https:\/\/zale.hr\/en\/#\/schema\/logo\/image\/\",\"url\":\"https:\/\/zale.hr\/wp-content\/uploads\/2021\/06\/zale-logo.png\",\"contentUrl\":\"https:\/\/zale.hr\/wp-content\/uploads\/2021\/06\/zale-logo.png\",\"width\":108,\"height\":55,\"caption\":\"Zale d.o.o.\"},\"image\":{\"@id\":\"https:\/\/zale.hr\/en\/#\/schema\/logo\/image\/\"},\"sameAs\":[\"https:\/\/www.facebook.com\/ZaleDesign\",\"https:\/\/x.com\/ZaleDizajn\",\"https:\/\/www.instagram.com\/zaledesign\/\",\"https:\/\/www.linkedin.com\/company\/zale-d-o-o-\/\",\"https:\/\/www.pinterest.com\/zaledizajn\/\"]}]}<\/script>\n<!-- \/ Yoast SEO plugin. -->","yoast_head_json":{"title":"Zale d.o.o. :: Contact and Information","description":"Here you can find all the information about Zale d.o.o. graphic design company based in Zagreb Croatia. For more information, contact us.","robots":{"index":"index","follow":"follow","max-snippet":"max-snippet:-1","max-image-preview":"max-image-preview:large","max-video-preview":"max-video-preview:-1"},"canonical":"https:\/\/zale.hr\/en\/contact-and-information-zale\/","og_locale":"en_US","og_type":"article","og_title":"Zale d.o.o. :: Contact and Information","og_description":"Here you can find all the information about Zale d.o.o. graphic design company based in Zagreb Croatia. For more information, contact us.","og_url":"https:\/\/zale.hr\/en\/contact-and-information-zale\/","og_site_name":"Zale Design Studio :: Graphic Design and Marketing","article_publisher":"https:\/\/www.facebook.com\/ZaleDesign","article_modified_time":"2022-03-12T22:22:28+00:00","twitter_card":"summary_large_image","twitter_site":"@ZaleDizajn","twitter_misc":{"Est. reading time":"1 minute"},"schema":{"@context":"https:\/\/schema.org","@graph":[{"@type":"WebPage","@id":"https:\/\/zale.hr\/en\/contact-and-information-zale\/","url":"https:\/\/zale.hr\/en\/contact-and-information-zale\/","name":"Zale d.o.o. :: Contact and Information","isPartOf":{"@id":"https:\/\/zale.hr\/en\/#website"},"datePublished":"2022-02-02T13:20:26+00:00","dateModified":"2022-03-12T22:22:28+00:00","description":"Here you can find all the information about Zale d.o.o. graphic design company based in Zagreb Croatia. For more information, contact us.","breadcrumb":{"@id":"https:\/\/zale.hr\/en\/contact-and-information-zale\/#breadcrumb"},"inLanguage":"en-US","potentialAction":[{"@type":"ReadAction","target":["https:\/\/zale.hr\/en\/contact-and-information-zale\/"]}]},{"@type":"BreadcrumbList","@id":"https:\/\/zale.hr\/en\/contact-and-information-zale\/#breadcrumb","itemListElement":[{"@type":"ListItem","position":1,"name":"Home page","item":"https:\/\/zale.hr\/en\/"},{"@type":"ListItem","position":2,"name":"Contact and information :: Zale d.o.o."}]},{"@type":"WebSite","@id":"https:\/\/zale.hr\/en\/#website","url":"https:\/\/zale.hr\/en\/","name":"Zale Design Studio :: Graphic Design and Marketing","description":"Work, play, create","publisher":{"@id":"https:\/\/zale.hr\/en\/#organization"},"potentialAction":[{"@type":"SearchAction","target":{"@type":"EntryPoint","urlTemplate":"https:\/\/zale.hr\/en\/?s={search_term_string}"},"query-input":{"@type":"PropertyValueSpecification","valueRequired":true,"valueName":"search_term_string"}}],"inLanguage":"en-US"},{"@type":"Organization","@id":"https:\/\/zale.hr\/en\/#organization","name":"Zale d.o.o.","url":"https:\/\/zale.hr\/en\/","logo":{"@type":"ImageObject","inLanguage":"en-US","@id":"https:\/\/zale.hr\/en\/#\/schema\/logo\/image\/","url":"https:\/\/zale.hr\/wp-content\/uploads\/2021\/06\/zale-logo.png","contentUrl":"https:\/\/zale.hr\/wp-content\/uploads\/2021\/06\/zale-logo.png","width":108,"height":55,"caption":"Zale d.o.o."},"image":{"@id":"https:\/\/zale.hr\/en\/#\/schema\/logo\/image\/"},"sameAs":["https:\/\/www.facebook.com\/ZaleDesign","https:\/\/x.com\/ZaleDizajn","https:\/\/www.instagram.com\/zaledesign\/","https:\/\/www.linkedin.com\/company\/zale-d-o-o-\/","https:\/\/www.pinterest.com\/zaledizajn\/"]}]}},"_links":{"self":[{"href":"https:\/\/zale.hr\/en\/wp-json\/wp\/v2\/pages\/4692"}],"collection":[{"href":"https:\/\/zale.hr\/en\/wp-json\/wp\/v2\/pages"}],"about":[{"href":"https:\/\/zale.hr\/en\/wp-json\/wp\/v2\/types\/page"}],"author":[{"embeddable":true,"href":"https:\/\/zale.hr\/en\/wp-json\/wp\/v2\/users\/1"}],"replies":[{"embeddable":true,"href":"https:\/\/zale.hr\/en\/wp-json\/wp\/v2\/comments?post=4692"}],"version-history":[{"count":4,"href":"https:\/\/zale.hr\/en\/wp-json\/wp\/v2\/pages\/4692\/revisions"}],"predecessor-version":[{"id":5745,"href":"https:\/\/zale.hr\/en\/wp-json\/wp\/v2\/pages\/4692\/revisions\/5745"}],"wp:attachment":[{"href":"https:\/\/zale.hr\/en\/wp-json\/wp\/v2\/media?parent=4692"}],"curies":[{"name":"wp","href":"https:\/\/api.w.org\/{rel}","templated":true}]}}